{"id":32,"date":"2026-01-30T21:59:28","date_gmt":"2026-01-30T21:59:28","guid":{"rendered":"https:\/\/verslospektras.lt\/duk\/"},"modified":"2026-02-07T03:12:18","modified_gmt":"2026-02-07T03:12:18","slug":"duk","status":"publish","type":"page","link":"https:\/\/verslospektras.lt\/en\/duk\/","title":{"rendered":"FAQ"},"content":{"rendered":"<div class=\"wp-block-group alignfull is-style-ext-preset--group--natural-1--section has-background-background-color has-background has-global-padding is-layout-constrained wp-container-core-group-is-layout-e955bbaf wp-block-group-is-layout-constrained\" id=\"duk\" style=\"margin-top:0;margin-bottom:0;padding-top:var(--wp--preset--spacing--70);padding-bottom:var(--wp--preset--spacing--70)\">\n<div class=\"wp-block-group alignwide is-vertical is-content-justification-center is-layout-flex wp-container-core-group-is-layout-c9ee0c5a wp-block-group-is-layout-flex\">\n<div class=\"wp-block-group has-global-padding is-layout-constrained wp-container-core-group-is-layout-2287c683 wp-block-group-is-layout-constrained\">\n<h2 class=\"wp-block-heading has-text-align-center\">Verslo Spektras \u2013 Your Trusted Partner<\/h2>\n\n\n\n<p class=\"has-text-align-center\">Here you will find answers to the most frequently asked questions, helping you quickly understand the services we provide.<\/p>\n<\/div>\n<\/div>\n\n\n\n<div class=\"wp-block-group alignwide has-global-padding is-content-justification-center is-layout-constrained wp-container-core-group-is-layout-8f997a6a wp-block-group-is-layout-constrained\">\n<div class=\"wp-block-group is-style-ext-preset--group--natural-1--item-card-1--align-start is-layout-flow wp-block-group-is-layout-flow is-style-ext-preset--group--natural-1--item-card-1--align-start--2\">\n<div class=\"wp-block-group is-style-default is-layout-flow wp-block-group-is-layout-flow\">\n<h3 class=\"wp-block-heading\">Why is it worth establishing a company and what advantages does it give compared to operating without a legal entity?<\/h3>\n\n\n\n<p>It is worth establishing a company when you want to clearly separate personal and business assets, reduce your personal financial risk, and have limited liability. In addition, having a legal entity gives you more opportunities to attract investors, plan taxes, appear more trustworthy to clients, and ensure business continuity regardless of the owner\u2019s personal circumstances.<\/p>\n<\/div>\n<\/div>\n\n\n\n<div class=\"wp-block-group is-style-ext-preset--group--natural-1--item-card-1--align-start is-layout-flow wp-block-group-is-layout-flow is-style-ext-preset--group--natural-1--item-card-1--align-start--3\">\n<div class=\"wp-block-group is-style-default is-layout-flow wp-block-group-is-layout-flow\">\n<h3 class=\"wp-block-heading\">When is it better to set up a new company, and when to buy an existing one?<\/h3>\n\n\n\n<p>It is better to establish a new company when you want a clean legal and financial history, full control, and you have time to complete the entire incorporation process. It is better to buy a company when you need to start operating very quickly (especially if an existing VAT number, licences, or business history are important) and you accept the higher risk related to the company\u2019s previous activities.<\/p>\n<\/div>\n<\/div>\n\n\n\n<div class=\"wp-block-group is-style-ext-preset--group--natural-1--item-card-1--align-start is-layout-flow wp-block-group-is-layout-flow is-style-ext-preset--group--natural-1--item-card-1--align-start--4\">\n<div class=\"wp-block-group is-style-default is-layout-flow wp-block-group-is-layout-flow\">\n<h3 class=\"wp-block-heading\">When is it better to liquidate a company, and when to sell it?<\/h3>\n\n\n\n<p>You should liquidate a company when operations have stopped, there are no real plans to revive the business, the company may be facing financial difficulties, or the owners want to fully and properly close the legal entity. You should sell a company when you no longer need it but it is \u201cclean\u201d (no debts, proper accounting, valid registered address, often with VAT payer status), so it can be attractive to a buyer and allows the owner to exit faster and recover part of the investment.<\/p>\n<\/div>\n<\/div>\n\n\n\n<div class=\"wp-block-group is-style-ext-preset--group--natural-1--item-card-1--align-start is-layout-flow wp-block-group-is-layout-flow is-style-ext-preset--group--natural-1--item-card-1--align-start--5\">\n<div class=\"wp-block-group is-style-default is-layout-flow wp-block-group-is-layout-flow\">\n<h3 class=\"wp-block-heading\">When should you consider bankruptcy or restructuring, and what are the conditions and consequences for the company or for an individual?<\/h3>\n\n\n\n<p>You should consider bankruptcy or personal bankruptcy when debts have become unmanageable, there is no real possibility to meet obligations on time, and the situation can no longer be resolved through negotiations or rescheduling payments. Restructuring is more suitable for companies that are facing temporary financial difficulties but are fundamentally viable \u2013 it allows them to reorganize operations, postpone payments, and avoid bankruptcy, whereas bankruptcy usually means the end of operations, liquidation of assets, and long\u2011term consequences for the credit history.<a rel=\"noreferrer noopener\" target=\"_blank\" href=\"https:\/\/proventus.lt\/restrukturizavimas-priemone-gelbeti-savo-versla\/\"><\/a><\/p>\n<\/div>\n<\/div>\n\n\n\n<div class=\"wp-block-group is-style-ext-preset--group--natural-1--item-card-1--align-start is-layout-flow wp-block-group-is-layout-flow is-style-ext-preset--group--natural-1--item-card-1--align-start--6\">\n<div class=\"wp-block-group is-style-default is-layout-flow wp-block-group-is-layout-flow\">\n<h3 class=\"wp-block-heading\">Why is it worth it for a business to choose accounting and financial consulting service<\/h3>\n\n\n\n<p>It is worth choosing accounting and financial consulting services for a business because this ensures orderly accounting that complies with legal requirements and reduces the risk of errors and fines. In addition, professional financial analysis helps optimize taxes, better plan cash flows, and make more profitable decisions regarding growth and investments.<a href=\"https:\/\/proventus.lt\/restrukturizavimas-priemone-gelbeti-savo-versla\/\" target=\"_blank\" rel=\"noreferrer noopener\"><\/a><\/p>\n<\/div>\n<\/div>\n<\/div>\n<\/div>","protected":false},"excerpt":{"rendered":"<p>Verslo Spektras \u2013 j\u016bs\u0173 patikimas partneris \u010cia rasite atsakymus \u012f da\u017eniausiai u\u017eduodamus klausimus, kurie pad\u0117s greitai suprasti m\u016bs\u0173 teikiamas paslaugas. Kod\u0117l verta steigti \u012fmon\u0119 ir koki\u0105 naud\u0105 tai duoda, palyginti su veikla be juridinio asmens? \u012emon\u0119 verta steigti tada, kai nori ai\u0161kiai atskirti asmenin\u012f ir verslo turt\u0105, suma\u017einti asmenin\u0119 finansin\u0119 rizik\u0105 ir tur\u0117ti ribot\u0105 atsakomyb\u0119. [&hellip;]<\/p>\n","protected":false},"author":1,"featured_media":0,"parent":0,"menu_order":0,"comment_status":"closed","ping_status":"closed","template":"page-with-title","meta":{"_monsterinsights_skip_tracking":false,"_monsterinsights_sitenote_active":false,"_monsterinsights_sitenote_note":"","_monsterinsights_sitenote_category":0,"_uf_show_specific_survey":0,"_uf_disable_surveys":false,"footnotes":""},"class_list":["post-32","page","type-page","status-publish","hentry"],"aioseo_notices":[],"_links":{"self":[{"href":"https:\/\/verslospektras.lt\/en\/wp-json\/wp\/v2\/pages\/32","targetHints":{"allow":["GET"]}}],"collection":[{"href":"https:\/\/verslospektras.lt\/en\/wp-json\/wp\/v2\/pages"}],"about":[{"href":"https:\/\/verslospektras.lt\/en\/wp-json\/wp\/v2\/types\/page"}],"author":[{"embeddable":true,"href":"https:\/\/verslospektras.lt\/en\/wp-json\/wp\/v2\/users\/1"}],"replies":[{"embeddable":true,"href":"https:\/\/verslospektras.lt\/en\/wp-json\/wp\/v2\/comments?post=32"}],"version-history":[{"count":6,"href":"https:\/\/verslospektras.lt\/en\/wp-json\/wp\/v2\/pages\/32\/revisions"}],"predecessor-version":[{"id":131,"href":"https:\/\/verslospektras.lt\/en\/wp-json\/wp\/v2\/pages\/32\/revisions\/131"}],"wp:attachment":[{"href":"https:\/\/verslospektras.lt\/en\/wp-json\/wp\/v2\/media?parent=32"}],"curies":[{"name":"wp","href":"https:\/\/api.w.org\/{rel}","templated":true}]}}