{"id":30,"date":"2026-01-30T21:59:26","date_gmt":"2026-01-30T21:59:26","guid":{"rendered":"https:\/\/verslospektras.lt\/apie-mus\/"},"modified":"2026-02-04T23:06:20","modified_gmt":"2026-02-04T23:06:20","slug":"apie-mus","status":"publish","type":"page","link":"https:\/\/verslospektras.lt\/en\/apie-mus\/","title":{"rendered":"About us"},"content":{"rendered":"<div class=\"wp-block-group alignfull is-style-ext-preset--group--natural-1--section has-background-background-color has-background has-global-padding is-layout-constrained wp-block-group-is-layout-constrained\" id=\"apie\" style=\"margin-top:0;margin-bottom:0;padding-top:var(--wp--preset--spacing--70);padding-bottom:var(--wp--preset--spacing--70)\">\n<div class=\"wp-block-columns alignwide are-vertically-aligned-center is-layout-flex wp-container-core-columns-is-layout-174606dc wp-block-columns-is-layout-flex\">\n<div class=\"wp-block-column is-vertically-aligned-center is-layout-flow wp-block-column-is-layout-flow\">\n<figure class=\"wp-block-image is-style-ext-preset--image--natural-1--image-1--content-right is-style-ext-preset--image--natural-1--image-1--content-right--2\"><img loading=\"lazy\" decoding=\"async\" width=\"1024\" height=\"1024\" src=\"https:\/\/verslospektras.lt\/wp-content\/uploads\/2026\/02\/image-1.jpg\" alt=\"\" class=\"wp-image-109\" style=\"aspect-ratio:1;object-fit:cover\" srcset=\"https:\/\/verslospektras.lt\/wp-content\/uploads\/2026\/02\/image-1.jpg 1024w, https:\/\/verslospektras.lt\/wp-content\/uploads\/2026\/02\/image-1-300x300.jpg 300w, https:\/\/verslospektras.lt\/wp-content\/uploads\/2026\/02\/image-1-150x150.jpg 150w, https:\/\/verslospektras.lt\/wp-content\/uploads\/2026\/02\/image-1-768x768.jpg 768w, https:\/\/verslospektras.lt\/wp-content\/uploads\/2026\/02\/image-1-12x12.jpg 12w\" sizes=\"auto, (max-width: 1024px) 100vw, 1024px\" \/><\/figure>\n<\/div>\n\n\n\n<div class=\"wp-block-column is-vertically-aligned-center is-layout-flow wp-block-column-is-layout-flow\">\n<div class=\"wp-block-group alignwide is-vertical is-layout-flex wp-container-core-group-is-layout-c35747d5 wp-block-group-is-layout-flex\">\n<div class=\"wp-block-group has-global-padding is-layout-constrained wp-container-core-group-is-layout-dd32767c wp-block-group-is-layout-constrained\">\n<h2 class=\"wp-block-heading\">Verslo Spektras \u2013 Your Trusted Partner<\/h2>\n\n\n\n<p>\u201cVerslo spektras\u201d \u2013 Your trusted partner with more than 10 years of experience in company formation, acquisition, sale, liquidation, bookkeeping, financial consulting, bankruptcy, and insolvency. We have a wide network of contacts in the legal, accounting, and finance sectors, always find solutions, and help turn business ideas into reality. Clients praise us for our professionalism, speed, and excellent results \u2013 join those who are already growing with us!<\/p>\n<\/div>\n<\/div>\n<\/div>\n<\/div>\n<\/div>","protected":false},"excerpt":{"rendered":"<p>Verslo Spektras \u2013 j\u016bs\u0173 patikimi verslo partneriai \u201eVerslo spektras\u201c \u2013 J\u016bs\u0173 patikimas partneris su daugiau nei 10 met\u0173 patirtimi \u012fmoni\u0173 steigimo, pirkimo, pardavimo, likvidavimo, buhalterin\u0117s apskaitos, finansini\u0173 konsultacij\u0173, bankroto ir nemokumo srityse. Turime pla\u010dius ry\u0161ius teis\u0117s, buhalterijos ir finans\u0173 pasaulyje, visada randame sprendimus ir padedame \u012fgyvendinti verslo id\u0117jas. Klientai mus giria u\u017e profesionalum\u0105, greit\u012f ir [&hellip;]<\/p>\n","protected":false},"author":1,"featured_media":0,"parent":0,"menu_order":0,"comment_status":"closed","ping_status":"closed","template":"page-with-title","meta":{"_monsterinsights_skip_tracking":false,"_monsterinsights_sitenote_active":false,"_monsterinsights_sitenote_note":"","_monsterinsights_sitenote_category":0,"_uf_show_specific_survey":0,"_uf_disable_surveys":false,"footnotes":""},"class_list":["post-30","page","type-page","status-publish","hentry"],"aioseo_notices":[],"_links":{"self":[{"href":"https:\/\/verslospektras.lt\/en\/wp-json\/wp\/v2\/pages\/30","targetHints":{"allow":["GET"]}}],"collection":[{"href":"https:\/\/verslospektras.lt\/en\/wp-json\/wp\/v2\/pages"}],"about":[{"href":"https:\/\/verslospektras.lt\/en\/wp-json\/wp\/v2\/types\/page"}],"author":[{"embeddable":true,"href":"https:\/\/verslospektras.lt\/en\/wp-json\/wp\/v2\/users\/1"}],"replies":[{"embeddable":true,"href":"https:\/\/verslospektras.lt\/en\/wp-json\/wp\/v2\/comments?post=30"}],"version-history":[{"count":2,"href":"https:\/\/verslospektras.lt\/en\/wp-json\/wp\/v2\/pages\/30\/revisions"}],"predecessor-version":[{"id":110,"href":"https:\/\/verslospektras.lt\/en\/wp-json\/wp\/v2\/pages\/30\/revisions\/110"}],"wp:attachment":[{"href":"https:\/\/verslospektras.lt\/en\/wp-json\/wp\/v2\/media?parent=30"}],"curies":[{"name":"wp","href":"https:\/\/api.w.org\/{rel}","templated":true}]}}